{"id":226,"date":"2024-06-18T18:18:20","date_gmt":"2024-06-18T16:18:20","guid":{"rendered":"https:\/\/terrajoia.com\/?page_id=226"},"modified":"2026-04-08T17:25:04","modified_gmt":"2026-04-08T15:25:04","slug":"a-propos","status":"publish","type":"page","link":"https:\/\/terrajoia.com\/index.php\/a-propos\/","title":{"rendered":"A PROPOS"},"content":{"rendered":"\n<div class=\"wp-block-cover alignfull is-light has-parallax\"><div class=\"wp-block-cover__image-background wp-image-664 size-full has-parallax\" style=\"background-position:50% 50%;background-image:url(https:\/\/terrajoia.com\/wp-content\/uploads\/2025\/10\/IMG_4114-1.jpg)\"><\/div><span aria-hidden=\"true\" class=\"wp-block-cover__background has-background-dim\" style=\"background-color:#947f67\"><\/span><div class=\"wp-block-cover__inner-container is-layout-flow wp-block-cover-is-layout-flow\">\n<p class=\"has-text-align-center has-white-color has-text-color\" style=\"font-size:clamp(37.821px, 2.364rem + ((1vw - 3.2px) * 2.848), 70px);font-style:normal;font-weight:900\"><strong>A propos<\/strong><\/p>\n\n\n\n<p class=\"has-text-align-center has-white-color has-text-color has-medium-font-size\" style=\"letter-spacing:1px\">L\u2019origine et la vision de Terrajo\u00efa<\/p>\n<\/div><\/div>\n\n\n\n<div class=\"wp-block-group is-vertical is-layout-flex wp-container-core-group-is-layout-fe9cc265 wp-block-group-is-layout-flex\"><\/div>\n\n\n\n<p>Terrajo\u00efa est n\u00e9 d\u2019un d\u00e9sir simple : proposer une relation plus consciente et plus vivante au <strong>corps<\/strong> et au <strong>mouvement<\/strong>.<\/p>\n\n\n\n<p>\u00c0 travers diff\u00e9rentes pratiques et explorations, Terrajo\u00efa invite \u00e0 d\u00e9couvrir le mouvement et la pleine conscience autrement et \u00e0 d\u00e9velopper une relation plus sensible \u00e0 l\u2019exp\u00e9rience.<\/p>\n\n\n\n<hr class=\"wp-block-separator has-alpha-channel-opacity\"\/>\n\n\n\n<h2 class=\"wp-block-heading\">Une vision<\/h2>\n\n\n\n<p>Terrajo\u00efa est n\u00e9 d\u2019une volont\u00e9 simple : <strong>faire le lien<\/strong>.<\/p>\n\n\n\n<p>Le lien entre <strong>mouvement et pleine conscience<\/strong>.<br>Le lien entre <strong>traditions et approches contemporaines<\/strong>.<br>Le lien entre <strong>l\u2019exp\u00e9rience du corps<\/strong> et sa <strong>compr\u00e9hension<\/strong>.<\/p>\n\n\n\n<p>Terrajo\u00efa cherche ainsi \u00e0 cr\u00e9er un espace o\u00f9 ces diff\u00e9rentes dimensions peuvent se rencontrer et dialoguer.<\/p>\n\n\n\n<hr class=\"wp-block-separator has-alpha-channel-opacity\"\/>\n\n\n\n<h2 class=\"wp-block-heading\">Le parcours<\/h2>\n\n\n\n<p>Terrajo\u00efa est n\u00e9 d\u2019un parcours consacr\u00e9 \u00e0 l\u2019enseignement et \u00e0 l\u2019exploration du <strong>mouvement<\/strong> et des pratiques de <strong>pr\u00e9sence<\/strong>.<\/p>\n\n\n\n<p>Au fil des ann\u00e9es, diff\u00e9rentes disciplines comme le <strong>yoga<\/strong>, le <strong>pilates<\/strong> et les pratiques de <strong>pleine conscience<\/strong> ont permis d\u2019approfondir la relation au corps, au mouvement et \u00e0 la qualit\u00e9 de pr\u00e9sence dans l\u2019exp\u00e9rience.<\/p>\n\n\n\n<p>Cette exploration et ce travail de transmission ont progressivement donn\u00e9 naissance \u00e0 Terrajo\u00efa : un espace d\u00e9di\u00e9 \u00e0 l\u2019exploration du mouvement, de la pr\u00e9sence et de la relation au corps.<\/p>\n\n\n\n<hr class=\"wp-block-separator has-alpha-channel-opacity\"\/>\n\n\n\n<h2 class=\"wp-block-heading\">Une invitation<\/h2>\n\n\n\n<p>Terrajo\u00efa n\u2019est pas une m\u00e9thode \u00e0 appliquer.<\/p>\n\n\n\n<p>C\u2019est une invitation.<\/p>\n\n\n\n<p>Une invitation \u00e0 <strong>explorer le mouvement avec conscience<\/strong>, \u00e0 revenir \u00e0 l\u2019intelligence du corps et \u00e0 cultiver une pr\u00e9sence plus vivante \u00e0 soi et au monde.<\/p>\n\n\n\n<p>\u00c0 travers ces exp\u00e9riences, chacun peut apprendre \u00e0 <strong>habiter son corps, son mouvement et sa vie avec plus de libert\u00e9, de conscience et de joie<\/strong>.<\/p>\n\n\n\n<p><strong>Rayonner par le mouvement.<\/strong><\/p>\n\n\n\n<div style=\"height:50px\" aria-hidden=\"true\" class=\"wp-block-spacer\"><\/div>\n\n\n\n<div class=\"wp-block-group is-vertical is-content-justification-center is-layout-flex wp-container-core-group-is-layout-ce155fab wp-block-group-is-layout-flex\">\n<div class=\"wp-block-buttons is-layout-flex wp-block-buttons-is-layout-flex\">\n<div class=\"wp-block-button\"><a class=\"wp-block-button__link has-text-align-center wp-element-button\" href=\"https:\/\/terrajoia.com\/index.php\/immersia\/\">Explorer les pratiques<\/a><\/div>\n<\/div>\n<\/div>\n\n\n\n<div style=\"height:73px\" aria-hidden=\"true\" class=\"wp-block-spacer\"><\/div>\n","protected":false},"excerpt":{"rendered":"<p>Terrajo\u00efa est n\u00e9 d\u2019un d\u00e9sir simple : proposer une relation plus consciente et plus vivante au corps et au mouvement. \u00c0 travers diff\u00e9rentes pratiques et explorations, Terrajo\u00efa invite \u00e0 d\u00e9couvrir le mouvement et la pleine conscience autrement et \u00e0 d\u00e9velopper une relation plus sensible \u00e0 l\u2019exp\u00e9rience. Une vision Terrajo\u00efa est n\u00e9 d\u2019une volont\u00e9 simple : &hellip; <\/p>\n<p class=\"link-more\"><a href=\"https:\/\/terrajoia.com\/index.php\/a-propos\/\" class=\"more-link\">Lire la suite de<span class=\"screen-reader-text\">\u00ab\u00a0A PROPOS\u00a0\u00bb<\/span><\/a><\/p>\n","protected":false},"author":1,"featured_media":0,"parent":0,"menu_order":0,"comment_status":"closed","ping_status":"closed","template":"","meta":{"footnotes":""},"class_list":["post-226","page","type-page","status-publish","hentry"],"yoast_head":"<!-- This site is optimized with the Yoast SEO plugin v27.2 - https:\/\/yoast.com\/product\/yoast-seo-wordpress\/ -->\n<title>A PROPOS - TERRAJO\u00cfA CONCEPT<\/title>\n<meta name=\"robots\" content=\"index, follow, max-snippet:-1, max-image-preview:large, max-video-preview:-1\" \/>\n<link rel=\"canonical\" href=\"https:\/\/terrajoia.com\/index.php\/a-propos\/\" \/>\n<meta property=\"og:locale\" content=\"fr_FR\" \/>\n<meta property=\"og:type\" content=\"article\" \/>\n<meta property=\"og:title\" content=\"A PROPOS - TERRAJO\u00cfA CONCEPT\" \/>\n<meta property=\"og:description\" content=\"Terrajo\u00efa est n\u00e9 d\u2019un d\u00e9sir simple : proposer une relation plus consciente et plus vivante au corps et au mouvement. \u00c0 travers diff\u00e9rentes pratiques et explorations, Terrajo\u00efa invite \u00e0 d\u00e9couvrir le mouvement et la pleine conscience autrement et \u00e0 d\u00e9velopper une relation plus sensible \u00e0 l\u2019exp\u00e9rience. Une vision Terrajo\u00efa est n\u00e9 d\u2019une volont\u00e9 simple : &hellip; Lire la suite de\u00ab\u00a0A PROPOS\u00a0\u00bb\" \/>\n<meta property=\"og:url\" content=\"https:\/\/terrajoia.com\/index.php\/a-propos\/\" \/>\n<meta property=\"og:site_name\" content=\"TERRAJO\u00cfA CONCEPT\" \/>\n<meta property=\"article:modified_time\" content=\"2026-04-08T15:25:04+00:00\" \/>\n<meta name=\"twitter:card\" content=\"summary_large_image\" \/>\n<meta name=\"twitter:label1\" content=\"Dur\u00e9e de lecture estim\u00e9e\" \/>\n\t<meta name=\"twitter:data1\" content=\"2 minutes\" \/>\n<script type=\"application\/ld+json\" class=\"yoast-schema-graph\">{\"@context\":\"https:\/\/schema.org\",\"@graph\":[{\"@type\":\"WebPage\",\"@id\":\"https:\/\/terrajoia.com\/index.php\/a-propos\/\",\"url\":\"https:\/\/terrajoia.com\/index.php\/a-propos\/\",\"name\":\"A PROPOS - TERRAJO\u00cfA CONCEPT\",\"isPartOf\":{\"@id\":\"https:\/\/terrajoia.com\/#website\"},\"datePublished\":\"2024-06-18T16:18:20+00:00\",\"dateModified\":\"2026-04-08T15:25:04+00:00\",\"breadcrumb\":{\"@id\":\"https:\/\/terrajoia.com\/index.php\/a-propos\/#breadcrumb\"},\"inLanguage\":\"fr-FR\",\"potentialAction\":[{\"@type\":\"ReadAction\",\"target\":[\"https:\/\/terrajoia.com\/index.php\/a-propos\/\"]}]},{\"@type\":\"BreadcrumbList\",\"@id\":\"https:\/\/terrajoia.com\/index.php\/a-propos\/#breadcrumb\",\"itemListElement\":[{\"@type\":\"ListItem\",\"position\":1,\"name\":\"Accueil\",\"item\":\"https:\/\/terrajoia.com\/\"},{\"@type\":\"ListItem\",\"position\":2,\"name\":\"A PROPOS\"}]},{\"@type\":\"WebSite\",\"@id\":\"https:\/\/terrajoia.com\/#website\",\"url\":\"https:\/\/terrajoia.com\/\",\"name\":\"TERRAJO\u00cfA CONCEPT\",\"description\":\"Rayonner par le mouvement - Terrajo\u00efa propose des exp\u00e9riences immersives m\u00ealant Pilates, yoga et pleine conscience.\",\"potentialAction\":[{\"@type\":\"SearchAction\",\"target\":{\"@type\":\"EntryPoint\",\"urlTemplate\":\"https:\/\/terrajoia.com\/?s={search_term_string}\"},\"query-input\":{\"@type\":\"PropertyValueSpecification\",\"valueRequired\":true,\"valueName\":\"search_term_string\"}}],\"inLanguage\":\"fr-FR\"}]}<\/script>\n<!-- \/ Yoast SEO plugin. -->","yoast_head_json":{"title":"A PROPOS - TERRAJO\u00cfA CONCEPT","robots":{"index":"index","follow":"follow","max-snippet":"max-snippet:-1","max-image-preview":"max-image-preview:large","max-video-preview":"max-video-preview:-1"},"canonical":"https:\/\/terrajoia.com\/index.php\/a-propos\/","og_locale":"fr_FR","og_type":"article","og_title":"A PROPOS - TERRAJO\u00cfA CONCEPT","og_description":"Terrajo\u00efa est n\u00e9 d\u2019un d\u00e9sir simple : proposer une relation plus consciente et plus vivante au corps et au mouvement. \u00c0 travers diff\u00e9rentes pratiques et explorations, Terrajo\u00efa invite \u00e0 d\u00e9couvrir le mouvement et la pleine conscience autrement et \u00e0 d\u00e9velopper une relation plus sensible \u00e0 l\u2019exp\u00e9rience. Une vision Terrajo\u00efa est n\u00e9 d\u2019une volont\u00e9 simple : &hellip; Lire la suite de\u00ab\u00a0A PROPOS\u00a0\u00bb","og_url":"https:\/\/terrajoia.com\/index.php\/a-propos\/","og_site_name":"TERRAJO\u00cfA CONCEPT","article_modified_time":"2026-04-08T15:25:04+00:00","twitter_card":"summary_large_image","twitter_misc":{"Dur\u00e9e de lecture estim\u00e9e":"2 minutes"},"schema":{"@context":"https:\/\/schema.org","@graph":[{"@type":"WebPage","@id":"https:\/\/terrajoia.com\/index.php\/a-propos\/","url":"https:\/\/terrajoia.com\/index.php\/a-propos\/","name":"A PROPOS - TERRAJO\u00cfA CONCEPT","isPartOf":{"@id":"https:\/\/terrajoia.com\/#website"},"datePublished":"2024-06-18T16:18:20+00:00","dateModified":"2026-04-08T15:25:04+00:00","breadcrumb":{"@id":"https:\/\/terrajoia.com\/index.php\/a-propos\/#breadcrumb"},"inLanguage":"fr-FR","potentialAction":[{"@type":"ReadAction","target":["https:\/\/terrajoia.com\/index.php\/a-propos\/"]}]},{"@type":"BreadcrumbList","@id":"https:\/\/terrajoia.com\/index.php\/a-propos\/#breadcrumb","itemListElement":[{"@type":"ListItem","position":1,"name":"Accueil","item":"https:\/\/terrajoia.com\/"},{"@type":"ListItem","position":2,"name":"A PROPOS"}]},{"@type":"WebSite","@id":"https:\/\/terrajoia.com\/#website","url":"https:\/\/terrajoia.com\/","name":"TERRAJO\u00cfA CONCEPT","description":"Rayonner par le mouvement - Terrajo\u00efa propose des exp\u00e9riences immersives m\u00ealant Pilates, yoga et pleine conscience.","potentialAction":[{"@type":"SearchAction","target":{"@type":"EntryPoint","urlTemplate":"https:\/\/terrajoia.com\/?s={search_term_string}"},"query-input":{"@type":"PropertyValueSpecification","valueRequired":true,"valueName":"search_term_string"}}],"inLanguage":"fr-FR"}]}},"featured_media_urls":[],"_links":{"self":[{"href":"https:\/\/terrajoia.com\/index.php\/wp-json\/wp\/v2\/pages\/226","targetHints":{"allow":["GET"]}}],"collection":[{"href":"https:\/\/terrajoia.com\/index.php\/wp-json\/wp\/v2\/pages"}],"about":[{"href":"https:\/\/terrajoia.com\/index.php\/wp-json\/wp\/v2\/types\/page"}],"author":[{"embeddable":true,"href":"https:\/\/terrajoia.com\/index.php\/wp-json\/wp\/v2\/users\/1"}],"replies":[{"embeddable":true,"href":"https:\/\/terrajoia.com\/index.php\/wp-json\/wp\/v2\/comments?post=226"}],"version-history":[{"count":33,"href":"https:\/\/terrajoia.com\/index.php\/wp-json\/wp\/v2\/pages\/226\/revisions"}],"predecessor-version":[{"id":824,"href":"https:\/\/terrajoia.com\/index.php\/wp-json\/wp\/v2\/pages\/226\/revisions\/824"}],"wp:attachment":[{"href":"https:\/\/terrajoia.com\/index.php\/wp-json\/wp\/v2\/media?parent=226"}],"curies":[{"name":"wp","href":"https:\/\/api.w.org\/{rel}","templated":true}]}}